{"id":255,"date":"2012-01-19T18:53:33","date_gmt":"2012-01-19T18:53:33","guid":{"rendered":"http:\/\/www.scb-music.de\/wp\/?page_id=255"},"modified":"2022-11-12T11:05:39","modified_gmt":"2022-11-12T11:05:39","slug":"personen","status":"publish","type":"page","link":"https:\/\/www.scb-music.de\/?page_id=255","title":{"rendered":"Personen"},"content":{"rendered":"\t\t<div data-elementor-type=\"wp-page\" data-elementor-id=\"255\" class=\"elementor elementor-255\">\n\t\t\t\t\t\t<div class=\"elementor-inner\">\n\t\t\t\t<div class=\"elementor-section-wrap\">\n\t\t\t\t\t\t\t\t\t<section class=\"elementor-section elementor-top-section elementor-element elementor-element-5ec215b7 elementor-section-height-min-height elementor-section-boxed elementor-section-height-default elementor-section-items-middle\" data-id=\"5ec215b7\" data-element_type=\"section\" data-settings=\"{&quot;background_background&quot;:&quot;classic&quot;}\">\n\t\t\t\t\t\t<div class=\"elementor-container elementor-column-gap-default\">\n\t\t\t\t\t\t\t<div class=\"elementor-row\">\n\t\t\t\t\t<div class=\"elementor-column elementor-col-100 elementor-top-column elementor-element elementor-element-607f000d\" data-id=\"607f000d\" data-element_type=\"column\">\n\t\t\t<div class=\"elementor-column-wrap elementor-element-populated\">\n\t\t\t\t\t\t\t<div class=\"elementor-widget-wrap\">\n\t\t\t\t\t\t<div class=\"elementor-element elementor-element-731cea16 elementor-widget elementor-widget-heading\" data-id=\"731cea16\" data-element_type=\"widget\" data-widget_type=\"heading.default\">\n\t\t\t\t<div class=\"elementor-widget-container\">\n\t\t\t<h1 class=\"elementor-heading-title elementor-size-default\">Personen<\/h1>\t\t<\/div>\n\t\t\t\t<\/div>\n\t\t\t\t<div class=\"elementor-element elementor-element-583ed8ed elementor-widget-divider--view-line elementor-widget elementor-widget-divider\" data-id=\"583ed8ed\" data-element_type=\"widget\" data-widget_type=\"divider.default\">\n\t\t\t\t<div class=\"elementor-widget-container\">\n\t\t\t\t\t<div class=\"elementor-divider\">\n\t\t\t<span class=\"elementor-divider-separator\">\n\t\t\t\t\t\t<\/span>\n\t\t<\/div>\n\t\t\t\t<\/div>\n\t\t\t\t<\/div>\n\t\t\t\t<div class=\"elementor-element elementor-element-5651bd69 elementor-widget elementor-widget-text-editor\" data-id=\"5651bd69\" data-element_type=\"widget\" data-widget_type=\"text-editor.default\">\n\t\t\t\t<div class=\"elementor-widget-container\">\n\t\t\t\t\t\t\t\t<div class=\"elementor-text-editor elementor-clearfix\">\n\t\t\t\t\t\t\t\t\t<\/div>\n\t\t\t\t\t\t<\/div>\n\t\t\t\t<\/div>\n\t\t\t\t\t\t<\/div>\n\t\t\t\t\t<\/div>\n\t\t<\/div>\n\t\t\t\t\t\t\t\t<\/div>\n\t\t\t\t\t<\/div>\n\t\t<\/section>\n\t\t\t\t<section class=\"elementor-section elementor-top-section elementor-element elementor-element-db57e00 elementor-section-boxed elementor-section-height-default elementor-section-height-default\" data-id=\"db57e00\" data-element_type=\"section\">\n\t\t\t\t\t\t<div class=\"elementor-container elementor-column-gap-default\">\n\t\t\t\t\t\t\t<div class=\"elementor-row\">\n\t\t\t\t\t<div class=\"elementor-column elementor-col-100 elementor-top-column elementor-element elementor-element-1872aeac\" data-id=\"1872aeac\" data-element_type=\"column\">\n\t\t\t<div class=\"elementor-column-wrap elementor-element-populated\">\n\t\t\t\t\t\t\t<div class=\"elementor-widget-wrap\">\n\t\t\t\t\t\t<div class=\"elementor-element elementor-element-62a2d7cf elementor-widget elementor-widget-heading\" data-id=\"62a2d7cf\" data-element_type=\"widget\" data-widget_type=\"heading.default\">\n\t\t\t\t<div class=\"elementor-widget-container\">\n\t\t\t<h3 class=\"elementor-heading-title elementor-size-default\">Unser Team<\/h3>\t\t<\/div>\n\t\t\t\t<\/div>\n\t\t\t\t<div class=\"elementor-element elementor-element-1862f413 elementor-widget-divider--view-line elementor-widget elementor-widget-divider\" data-id=\"1862f413\" data-element_type=\"widget\" data-widget_type=\"divider.default\">\n\t\t\t\t<div class=\"elementor-widget-container\">\n\t\t\t\t\t<div class=\"elementor-divider\">\n\t\t\t<span class=\"elementor-divider-separator\">\n\t\t\t\t\t\t<\/span>\n\t\t<\/div>\n\t\t\t\t<\/div>\n\t\t\t\t<\/div>\n\t\t\t\t<div class=\"elementor-element elementor-element-382596fb elementor-widget elementor-widget-text-editor\" data-id=\"382596fb\" data-element_type=\"widget\" data-widget_type=\"text-editor.default\">\n\t\t\t\t<div class=\"elementor-widget-container\">\n\t\t\t\t\t\t\t\t<div class=\"elementor-text-editor elementor-clearfix\">\n\t\t\t\t<p>Wichtig bei einer Aufnahme sind neben der ganzen Technik vor allem die Personen, die die Aufnahme durchf\u00fchren und dabei die musikalische Leistungen beurteilen und gegebenfalls Hilfestellungen oder Ratschl\u00e4ge geben. Hierbei ist vor allem ein geschultes Geh\u00f6r, musikalischer Sachverstand sowie eine gesunde Klangvorstellung von enormer Wichtigkeit. Nat\u00fcrlich muss man auch die Technik beherrschen, um seine Klangvorstellung umsetzen zu k\u00f6nnen. So wei\u00df ein guter Tonmeister zum Beispiel, welches Mikrofon f\u00fcr welches Instrument am besten geeignet ist und wie er es platzieren\u00a0 muss. Oftmals ist dies auch von der jeweiligen Stilrichtung abh\u00e4ngig, so wird ein Fl\u00fcgel f\u00fcr eine Jazzaufnahme z.B. anders mikrofoniert als f\u00fcr eine Klassik-Produktion<\/p>\t\t\t\t\t<\/div>\n\t\t\t\t\t\t<\/div>\n\t\t\t\t<\/div>\n\t\t\t\t\t\t<\/div>\n\t\t\t\t\t<\/div>\n\t\t<\/div>\n\t\t\t\t\t\t\t\t<\/div>\n\t\t\t\t\t<\/div>\n\t\t<\/section>\n\t\t\t\t<section class=\"elementor-section elementor-top-section elementor-element elementor-element-557141c3 elementor-section-boxed elementor-section-height-default elementor-section-height-default elementor-invisible\" data-id=\"557141c3\" data-element_type=\"section\" data-settings=\"{&quot;animation&quot;:&quot;fadeIn&quot;}\">\n\t\t\t\t\t\t<div class=\"elementor-container elementor-column-gap-default\">\n\t\t\t\t\t\t\t<div class=\"elementor-row\">\n\t\t\t\t\t<div class=\"elementor-column elementor-col-25 elementor-top-column elementor-element elementor-element-1ba20a4\" data-id=\"1ba20a4\" data-element_type=\"column\">\n\t\t\t<div class=\"elementor-column-wrap elementor-element-populated\">\n\t\t\t\t\t\t\t<div class=\"elementor-widget-wrap\">\n\t\t\t\t\t\t<div class=\"elementor-element elementor-element-7acde44f elementor-widget elementor-widget-image\" data-id=\"7acde44f\" data-element_type=\"widget\" data-widget_type=\"image.default\">\n\t\t\t\t<div class=\"elementor-widget-container\">\n\t\t\t\t\t\t\t\t<div class=\"elementor-image\">\n\t\t\t\t\t\t\t\t\t\t\t\t<img decoding=\"async\" width=\"800\" height=\"800\" src=\"https:\/\/www.scb-music.de\/wp-content\/uploads\/2016\/03\/Steffen1-1024x1024.jpg\" class=\"attachment-large size-large\" alt=\"\" loading=\"lazy\" srcset=\"https:\/\/www.scb-music.de\/wp-content\/uploads\/2016\/03\/Steffen1-1024x1024.jpg 1024w, https:\/\/www.scb-music.de\/wp-content\/uploads\/2016\/03\/Steffen1-150x150.jpg 150w, https:\/\/www.scb-music.de\/wp-content\/uploads\/2016\/03\/Steffen1-300x300.jpg 300w, https:\/\/www.scb-music.de\/wp-content\/uploads\/2016\/03\/Steffen1-768x768.jpg 768w, https:\/\/www.scb-music.de\/wp-content\/uploads\/2016\/03\/Steffen1.jpg 1060w\" sizes=\"(max-width: 800px) 100vw, 800px\" \/>\t\t\t\t\t\t\t\t\t\t\t\t\t\t<\/div>\n\t\t\t\t\t\t<\/div>\n\t\t\t\t<\/div>\n\t\t\t\t<div class=\"elementor-element elementor-element-8c01fe1 elementor-widget elementor-widget-text-editor\" data-id=\"8c01fe1\" data-element_type=\"widget\" data-widget_type=\"text-editor.default\">\n\t\t\t\t<div class=\"elementor-widget-container\">\n\t\t\t\t\t\t\t\t<div class=\"elementor-text-editor elementor-clearfix\">\n\t\t\t\t<h4>Steffen Burkhardt<\/h4><div><h6>Gesch\u00e4ftsf\u00fchrer<br \/>und Aufnahmeleiter<\/h6><p>Steffen Burkhardt studierte an der Musikhochschule Stuttgart Orchestermusik und Musikalisches Lehramt. Au\u00dferdem machte er eine Ausbildung zum Dirigenten und legte eine kirchenmusikalische Pr\u00fcfung ab.<\/p><p>Steffen spielt Tuba, Klavier und Orgel, dazu noch E-Bass in einer Rockband.<\/p><p>Er wirkte als Musiker mit bei der Philharmonie Baden-Baden, dem Heilbronner Sinfonie Orchester, beim Landesblasorchester Baden-W\u00fcrttemberg,\u00a0 der Jungen S\u00fcddeutschen Philharmonie u.v.m.<\/p><p>1999 Europ\u00e4ischen Blechbl\u00e4serpreis (1. Preis)<\/p><p>2007 als Solist (Tuba) beim Symposium der WASBE (World Association of Symphonic Bands and Ensembles) in Stuttgart<\/p><p>2009 Jurymitglied beim Wettbewerb \u201cJugend musiziert\u201d<\/p><p>2010 Weiterbildung bei der IHK zum Ausbilder \u201cMediengestalter Bild &amp; Ton\u201d<\/p><p>2014 als Produzent beim Eurovision Song Contest<\/p><\/div><div>\u00a0<\/div>\t\t\t\t\t<\/div>\n\t\t\t\t\t\t<\/div>\n\t\t\t\t<\/div>\n\t\t\t\t\t\t<\/div>\n\t\t\t\t\t<\/div>\n\t\t<\/div>\n\t\t\t\t<div class=\"elementor-column elementor-col-25 elementor-top-column elementor-element elementor-element-2103224\" data-id=\"2103224\" data-element_type=\"column\">\n\t\t\t<div class=\"elementor-column-wrap elementor-element-populated\">\n\t\t\t\t\t\t\t<div class=\"elementor-widget-wrap\">\n\t\t\t\t\t\t<div class=\"elementor-element elementor-element-32abbe94 elementor-widget elementor-widget-image\" data-id=\"32abbe94\" data-element_type=\"widget\" data-widget_type=\"image.default\">\n\t\t\t\t<div class=\"elementor-widget-container\">\n\t\t\t\t\t\t\t\t<div class=\"elementor-image\">\n\t\t\t\t\t\t\t\t\t\t\t\t<img decoding=\"async\" width=\"800\" height=\"800\" src=\"https:\/\/www.scb-music.de\/wp-content\/uploads\/2020\/05\/Anja-v2.png\" class=\"attachment-large size-large\" alt=\"\" loading=\"lazy\" srcset=\"https:\/\/www.scb-music.de\/wp-content\/uploads\/2020\/05\/Anja-v2.png 822w, https:\/\/www.scb-music.de\/wp-content\/uploads\/2020\/05\/Anja-v2-300x300.png 300w, https:\/\/www.scb-music.de\/wp-content\/uploads\/2020\/05\/Anja-v2-150x150.png 150w, https:\/\/www.scb-music.de\/wp-content\/uploads\/2020\/05\/Anja-v2-768x768.png 768w\" sizes=\"(max-width: 800px) 100vw, 800px\" \/>\t\t\t\t\t\t\t\t\t\t\t\t\t\t<\/div>\n\t\t\t\t\t\t<\/div>\n\t\t\t\t<\/div>\n\t\t\t\t<div class=\"elementor-element elementor-element-68331f3 elementor-widget elementor-widget-text-editor\" data-id=\"68331f3\" data-element_type=\"widget\" data-widget_type=\"text-editor.default\">\n\t\t\t\t<div class=\"elementor-widget-container\">\n\t\t\t\t\t\t\t\t<div class=\"elementor-text-editor elementor-clearfix\">\n\t\t\t\t<h4>Anja Thiele<\/h4><div><h6>Studiomanagement<br \/>und mobile Aufnahmen<\/h6><span class=\"Apple-style-span\">Anja ist die gute Seele unseres Studios. Sie h\u00e4lt alle Planungen in der Hand und vergibt die Studiotermine.<br \/>Im B\u00fcro ist sie f\u00fcr die Planung, die Abwicklung und die Buchung der Produktionen verantwortlich.<br \/>Au\u00dferdem betreut sie die CD- und DVD-Pressungen und k\u00fcmmert sich um die Lizenrechte bei der GEMA.<br \/>Oftmals ist sie auch im Bereich Konzertmitschnitte\/Livemitschnitte t\u00e4tig.<\/span><\/div>\t\t\t\t\t<\/div>\n\t\t\t\t\t\t<\/div>\n\t\t\t\t<\/div>\n\t\t\t\t<div class=\"elementor-element elementor-element-aadf252 elementor-shape-rounded elementor-grid-0 e-grid-align-center elementor-widget elementor-widget-social-icons\" data-id=\"aadf252\" data-element_type=\"widget\" data-widget_type=\"social-icons.default\">\n\t\t\t\t<div class=\"elementor-widget-container\">\n\t\t\t\t\t<div class=\"elementor-social-icons-wrapper elementor-grid\">\n\t\t\t\t\t\t\t<span class=\"elementor-grid-item\">\n\t\t\t\t\t<a class=\"elementor-icon elementor-social-icon elementor-social-icon-facebook-f elementor-repeater-item-t5ndfm1\" target=\"_blank\">\n\t\t\t\t\t\t<span class=\"elementor-screen-only\">Facebook-f<\/span>\n\t\t\t\t\t\t<i class=\"fab fa-facebook-f\"><\/i>\t\t\t\t\t<\/a>\n\t\t\t\t<\/span>\n\t\t\t\t\t\t\t<span class=\"elementor-grid-item\">\n\t\t\t\t\t<a class=\"elementor-icon elementor-social-icon elementor-social-icon-instagram elementor-repeater-item-re9t4c0\" target=\"_blank\">\n\t\t\t\t\t\t<span class=\"elementor-screen-only\">Instagram<\/span>\n\t\t\t\t\t\t<i class=\"fab fa-instagram\"><\/i>\t\t\t\t\t<\/a>\n\t\t\t\t<\/span>\n\t\t\t\t\t\t\t<span class=\"elementor-grid-item\">\n\t\t\t\t\t<a class=\"elementor-icon elementor-social-icon elementor-social-icon-envelope elementor-repeater-item-2d03e4e\" href=\"mailto:S.Burkhardt@scb-music.de\" target=\"_blank\">\n\t\t\t\t\t\t<span class=\"elementor-screen-only\">Envelope<\/span>\n\t\t\t\t\t\t<i class=\"fas fa-envelope\"><\/i>\t\t\t\t\t<\/a>\n\t\t\t\t<\/span>\n\t\t\t\t\t<\/div>\n\t\t\t\t<\/div>\n\t\t\t\t<\/div>\n\t\t\t\t\t\t<\/div>\n\t\t\t\t\t<\/div>\n\t\t<\/div>\n\t\t\t\t<div class=\"elementor-column elementor-col-25 elementor-top-column elementor-element elementor-element-20d2fa4f\" data-id=\"20d2fa4f\" data-element_type=\"column\">\n\t\t\t<div class=\"elementor-column-wrap elementor-element-populated\">\n\t\t\t\t\t\t\t<div class=\"elementor-widget-wrap\">\n\t\t\t\t\t\t<div class=\"elementor-element elementor-element-4f5508ad elementor-widget elementor-widget-image\" data-id=\"4f5508ad\" data-element_type=\"widget\" data-widget_type=\"image.default\">\n\t\t\t\t<div class=\"elementor-widget-container\">\n\t\t\t\t\t\t\t\t<div class=\"elementor-image\">\n\t\t\t\t\t\t\t\t\t\t\t\t<img decoding=\"async\" width=\"800\" height=\"800\" src=\"https:\/\/www.scb-music.de\/wp-content\/uploads\/2012\/01\/Peter-Schr\u00f6ppel2-1024x1024.jpg\" class=\"attachment-large size-large\" alt=\"\" loading=\"lazy\" srcset=\"https:\/\/www.scb-music.de\/wp-content\/uploads\/2012\/01\/Peter-Schr\u00f6ppel2-1024x1024.jpg 1024w, https:\/\/www.scb-music.de\/wp-content\/uploads\/2012\/01\/Peter-Schr\u00f6ppel2-150x150.jpg 150w, https:\/\/www.scb-music.de\/wp-content\/uploads\/2012\/01\/Peter-Schr\u00f6ppel2-300x300.jpg 300w, https:\/\/www.scb-music.de\/wp-content\/uploads\/2012\/01\/Peter-Schr\u00f6ppel2-768x768.jpg 768w, https:\/\/www.scb-music.de\/wp-content\/uploads\/2012\/01\/Peter-Schr\u00f6ppel2-800x800.jpg 800w, https:\/\/www.scb-music.de\/wp-content\/uploads\/2012\/01\/Peter-Schr\u00f6ppel2-600x600.jpg 600w, https:\/\/www.scb-music.de\/wp-content\/uploads\/2012\/01\/Peter-Schr\u00f6ppel2.jpg 1965w\" sizes=\"(max-width: 800px) 100vw, 800px\" \/>\t\t\t\t\t\t\t\t\t\t\t\t\t\t<\/div>\n\t\t\t\t\t\t<\/div>\n\t\t\t\t<\/div>\n\t\t\t\t<div class=\"elementor-element elementor-element-a2bea7e elementor-widget elementor-widget-text-editor\" data-id=\"a2bea7e\" data-element_type=\"widget\" data-widget_type=\"text-editor.default\">\n\t\t\t\t<div class=\"elementor-widget-container\">\n\t\t\t\t\t\t\t\t<div class=\"elementor-text-editor elementor-clearfix\">\n\t\t\t\t<h4>Peter Schr\u00f6ppel<\/h4><div><h6>Recording Engineer<br \/>(als freier Mitarbeiter)<\/h6><p>Peter Schr\u00f6ppel ist der Leiter der Schwabenl\u00e4nder Musikanten. Ihm und seinem Orchester wurde in Kerkrade der Titel \u201cVizeweltmeister in der b\u00f6hmisch m\u00e4hrischen Blasmusik\u201d verliehen.<br \/>Au\u00dferdem ist Peter auch als S\u00e4nger, Trompeter und Klarinettist t\u00e4tig.<\/p><\/div><div>\u00a0<\/div>\t\t\t\t\t<\/div>\n\t\t\t\t\t\t<\/div>\n\t\t\t\t<\/div>\n\t\t\t\t\t\t<\/div>\n\t\t\t\t\t<\/div>\n\t\t<\/div>\n\t\t\t\t<div class=\"elementor-column elementor-col-25 elementor-top-column elementor-element elementor-element-16e72ad3\" data-id=\"16e72ad3\" data-element_type=\"column\">\n\t\t\t<div class=\"elementor-column-wrap elementor-element-populated\">\n\t\t\t\t\t\t\t<div class=\"elementor-widget-wrap\">\n\t\t\t\t\t\t<div class=\"elementor-element elementor-element-7956a111 elementor-widget elementor-widget-image\" data-id=\"7956a111\" data-element_type=\"widget\" data-widget_type=\"image.default\">\n\t\t\t\t<div class=\"elementor-widget-container\">\n\t\t\t\t\t\t\t\t<div class=\"elementor-image\">\n\t\t\t\t\t\t\t\t\t\t\t\t<img decoding=\"async\" width=\"746\" height=\"745\" src=\"https:\/\/www.scb-music.de\/wp-content\/uploads\/2020\/05\/GunnarHN2b.png\" class=\"attachment-large size-large\" alt=\"\" loading=\"lazy\" srcset=\"https:\/\/www.scb-music.de\/wp-content\/uploads\/2020\/05\/GunnarHN2b.png 746w, https:\/\/www.scb-music.de\/wp-content\/uploads\/2020\/05\/GunnarHN2b-300x300.png 300w, https:\/\/www.scb-music.de\/wp-content\/uploads\/2020\/05\/GunnarHN2b-150x150.png 150w\" sizes=\"(max-width: 746px) 100vw, 746px\" \/>\t\t\t\t\t\t\t\t\t\t\t\t\t\t<\/div>\n\t\t\t\t\t\t<\/div>\n\t\t\t\t<\/div>\n\t\t\t\t<div class=\"elementor-element elementor-element-35f8ca8 elementor-widget elementor-widget-text-editor\" data-id=\"35f8ca8\" data-element_type=\"widget\" data-widget_type=\"text-editor.default\">\n\t\t\t\t<div class=\"elementor-widget-container\">\n\t\t\t\t\t\t\t\t<div class=\"elementor-text-editor elementor-clearfix\">\n\t\t\t\t<h4>Gunnar Dieth<\/h4><div><h6>Recording Engineer<br \/>(als freier Mitarbeiter)<\/h6><p><span class=\"Apple-style-span\">Sein Know How holte Gunnar sich in seinem\u00a0Studium, Hauptfach Trompete, an der Musikhochschule Stuttgart. Seine gro\u00dfe musikalische Bandbreite ist sein Markenzeichen. Wegbegleitend waren gro\u00dfe Namen wie Prof. Erwin Lehn, Heeresmusikkorps 9, Robert Payer, Bernd Wolf, Orchester Joe Schwarz. Er selbst ist Leiter des \u201eBlasorchesters Egerland\u201c und Dirigent des\u00a0Gro\u00dfen Blasorchesters der St\u00e4dtischen Orchester Kornwestheim.<\/span><\/p><\/div><div>\u00a0<\/div>\t\t\t\t\t<\/div>\n\t\t\t\t\t\t<\/div>\n\t\t\t\t<\/div>\n\t\t\t\t\t\t<\/div>\n\t\t\t\t\t<\/div>\n\t\t<\/div>\n\t\t\t\t\t\t\t\t<\/div>\n\t\t\t\t\t<\/div>\n\t\t<\/section>\n\t\t\t\t<section class=\"elementor-section elementor-top-section elementor-element elementor-element-5a576a85 elementor-section-boxed elementor-section-height-default elementor-section-height-default\" data-id=\"5a576a85\" data-element_type=\"section\" data-settings=\"{&quot;background_background&quot;:&quot;classic&quot;}\">\n\t\t\t\t\t\t<div class=\"elementor-container elementor-column-gap-default\">\n\t\t\t\t\t\t\t<div class=\"elementor-row\">\n\t\t\t\t\t<div class=\"elementor-column elementor-col-100 elementor-top-column elementor-element elementor-element-77fec164\" data-id=\"77fec164\" data-element_type=\"column\">\n\t\t\t<div class=\"elementor-column-wrap elementor-element-populated\">\n\t\t\t\t\t\t\t<div class=\"elementor-widget-wrap\">\n\t\t\t\t\t\t<div class=\"elementor-element elementor-element-4a398bf5 elementor-shape-rounded elementor-grid-0 e-grid-align-center elementor-widget elementor-widget-social-icons\" data-id=\"4a398bf5\" data-element_type=\"widget\" data-widget_type=\"social-icons.default\">\n\t\t\t\t<div class=\"elementor-widget-container\">\n\t\t\t\t\t<div class=\"elementor-social-icons-wrapper elementor-grid\">\n\t\t\t\t\t\t\t<span class=\"elementor-grid-item\">\n\t\t\t\t\t<a class=\"elementor-icon elementor-social-icon elementor-social-icon-facebook-f elementor-repeater-item-7o3b1fs\" href=\"https:\/\/www.facebook.com\/scbmusic.tonstudio\/\" target=\"_blank\">\n\t\t\t\t\t\t<span class=\"elementor-screen-only\">Facebook-f<\/span>\n\t\t\t\t\t\t<i class=\"fab fa-facebook-f\"><\/i>\t\t\t\t\t<\/a>\n\t\t\t\t<\/span>\n\t\t\t\t\t\t\t<span class=\"elementor-grid-item\">\n\t\t\t\t\t<a class=\"elementor-icon elementor-social-icon elementor-social-icon-instagram elementor-repeater-item-512ea61\" href=\"https:\/\/www.instagram.com\/tonstudio_scbmusic\/\" target=\"_blank\">\n\t\t\t\t\t\t<span class=\"elementor-screen-only\">Instagram<\/span>\n\t\t\t\t\t\t<i class=\"fab fa-instagram\"><\/i>\t\t\t\t\t<\/a>\n\t\t\t\t<\/span>\n\t\t\t\t\t\t\t<span class=\"elementor-grid-item\">\n\t\t\t\t\t<a class=\"elementor-icon elementor-social-icon elementor-social-icon-youtube elementor-repeater-item-703d16b\" href=\"https:\/\/www.youtube.com\/scbmusicstudio\" target=\"_blank\">\n\t\t\t\t\t\t<span class=\"elementor-screen-only\">Youtube<\/span>\n\t\t\t\t\t\t<i class=\"fab fa-youtube\"><\/i>\t\t\t\t\t<\/a>\n\t\t\t\t<\/span>\n\t\t\t\t\t<\/div>\n\t\t\t\t<\/div>\n\t\t\t\t<\/div>\n\t\t\t\t\t\t<\/div>\n\t\t\t\t\t<\/div>\n\t\t<\/div>\n\t\t\t\t\t\t\t\t<\/div>\n\t\t\t\t\t<\/div>\n\t\t<\/section>\n\t\t\t\t\t\t\t\t\t<\/div>\n\t\t\t<\/div>\n\t\t\t\t\t<\/div>\n\t\t","protected":false},"excerpt":{"rendered":"<p>Personen Unser Team Wichtig bei einer Aufnahme sind neben der ganzen Technik vor allem die Personen, die die Aufnahme durchf\u00fchren und dabei die musikalische Leistungen beurteilen und gegebenfalls Hilfestellungen oder Ratschl\u00e4ge geben. Hierbei ist vor allem ein geschultes Geh\u00f6r, musikalischer Sachverstand sowie eine gesunde Klangvorstellung von enormer Wichtigkeit. Nat\u00fcrlich muss man auch die Technik beherrschen, [&hellip;]<\/p>\n","protected":false},"author":1,"featured_media":0,"parent":209,"menu_order":0,"comment_status":"closed","ping_status":"closed","template":"","meta":[],"_links":{"self":[{"href":"https:\/\/www.scb-music.de\/index.php?rest_route=\/wp\/v2\/pages\/255"}],"collection":[{"href":"https:\/\/www.scb-music.de\/index.php?rest_route=\/wp\/v2\/pages"}],"about":[{"href":"https:\/\/www.scb-music.de\/index.php?rest_route=\/wp\/v2\/types\/page"}],"author":[{"embeddable":true,"href":"https:\/\/www.scb-music.de\/index.php?rest_route=\/wp\/v2\/users\/1"}],"replies":[{"embeddable":true,"href":"https:\/\/www.scb-music.de\/index.php?rest_route=%2Fwp%2Fv2%2Fcomments&post=255"}],"version-history":[{"count":67,"href":"https:\/\/www.scb-music.de\/index.php?rest_route=\/wp\/v2\/pages\/255\/revisions"}],"predecessor-version":[{"id":3551,"href":"https:\/\/www.scb-music.de\/index.php?rest_route=\/wp\/v2\/pages\/255\/revisions\/3551"}],"up":[{"embeddable":true,"href":"https:\/\/www.scb-music.de\/index.php?rest_route=\/wp\/v2\/pages\/209"}],"wp:attachment":[{"href":"https:\/\/www.scb-music.de\/index.php?rest_route=%2Fwp%2Fv2%2Fmedia&parent=255"}],"curies":[{"name":"wp","href":"https:\/\/api.w.org\/{rel}","templated":true}]}}